{"id":39,"date":"2025-04-06T18:13:06","date_gmt":"2025-04-06T18:13:06","guid":{"rendered":"https:\/\/www.hecchemicals.com\/?page_id=39"},"modified":"2025-04-06T20:46:46","modified_gmt":"2025-04-06T20:46:46","slug":"corporate-profile","status":"publish","type":"page","link":"https:\/\/www.hecchemicals.com\/tr\/?page_id=39","title":{"rendered":"Firma Profili"},"content":{"rendered":"<p>HEC Chemicals&#8217;\u0131n grup faaliyetleri, end\u00fcstriyel geli\u015ftirme, \u00fcretim, pazarlama, dan\u0131\u015fmanl\u0131k ve hem do\u011fal hem de sentetik yap\u0131da \u00e7ok \u00e7e\u015fitli kimyasal bile\u015fenler ve \u00fcr\u00fcnlerin ticarile\u015ftirilmesini kapsamaktad\u0131r. HEC Chemicals&#8217;a hizmet veren end\u00fcstriyel platform, kendi tesislerinin \u00e7ok \u00f6tesine ge\u00e7mekte ve payda\u015flarla olan g\u00fc\u00e7l\u00fc ba\u011flant\u0131lar sayesinde d\u00fcnya \u00e7ap\u0131ndaki end\u00fcstriyel \u00fcs, Avrupa ve Asya&#8217;da bulunan di\u011fer bir\u00e7ok \u00fcretim operasyonunu kullanmaktad\u0131r. Standart parametredeki \u00fcr\u00fcnlerin yan\u0131 s\u0131ra, HEC Chemicals en iyi m\u00fc\u015fterilerine \u00f6zel form\u00fclasyonlar sunmakta ve \u0130stanbul, T\u00fcrkiye&#8217;de bulunan Ar-Ge b\u00f6l\u00fcmleri poli\u00fcretan, otomotiv, kaplama, tekstil, yap\u0131\u015ft\u0131r\u0131c\u0131, s\u0131zd\u0131rmazl\u0131k maddesi, askeri, petrol ve gaz, in\u015faat ve kozmetik gibi modern end\u00fcstriler i\u00e7in yeni \u00e7\u00f6z\u00fcmler geli\u015ftirmek i\u00e7in s\u00fcrekli \u00e7aba sarf etmektedir.<\/p>\n","protected":false},"excerpt":{"rendered":"<p>HEC Chemicals&#8217;\u0131n grup faaliyetleri, end\u00fcstriyel geli\u015ftirme, \u00fcretim, pazarlama, dan\u0131\u015fmanl\u0131k ve hem do\u011fal hem de sentetik yap\u0131da \u00e7ok \u00e7e\u015fitli kimyasal bile\u015fenler ve \u00fcr\u00fcnlerin ticarile\u015ftirilmesini kapsamaktad\u0131r. HEC Chemicals&#8217;a hizmet veren end\u00fcstriyel platform, kendi tesislerinin \u00e7ok \u00f6tesine ge\u00e7mekte ve payda\u015flarla olan g\u00fc\u00e7l\u00fc ba\u011flant\u0131lar sayesinde d\u00fcnya \u00e7ap\u0131ndaki end\u00fcstriyel \u00fcs, Avrupa ve Asya&#8217;da bulunan di\u011fer bir\u00e7ok \u00fcretim operasyonunu kullanmaktad\u0131r. Standart [&hellip;]<\/p>\n","protected":false},"author":1,"featured_media":41,"parent":0,"menu_order":0,"comment_status":"closed","ping_status":"closed","template":"corporate.php","meta":{"_acf_changed":false,"footnotes":""},"class_list":["post-39","page","type-page","status-publish","has-post-thumbnail","hentry"],"acf":[],"_links":{"self":[{"href":"https:\/\/www.hecchemicals.com\/tr\/index.php?rest_route=\/wp\/v2\/pages\/39","targetHints":{"allow":["GET"]}}],"collection":[{"href":"https:\/\/www.hecchemicals.com\/tr\/index.php?rest_route=\/wp\/v2\/pages"}],"about":[{"href":"https:\/\/www.hecchemicals.com\/tr\/index.php?rest_route=\/wp\/v2\/types\/page"}],"author":[{"embeddable":true,"href":"https:\/\/www.hecchemicals.com\/tr\/index.php?rest_route=\/wp\/v2\/users\/1"}],"replies":[{"embeddable":true,"href":"https:\/\/www.hecchemicals.com\/tr\/index.php?rest_route=%2Fwp%2Fv2%2Fcomments&post=39"}],"version-history":[{"count":6,"href":"https:\/\/www.hecchemicals.com\/tr\/index.php?rest_route=\/wp\/v2\/pages\/39\/revisions"}],"predecessor-version":[{"id":113,"href":"https:\/\/www.hecchemicals.com\/tr\/index.php?rest_route=\/wp\/v2\/pages\/39\/revisions\/113"}],"wp:featuredmedia":[{"embeddable":true,"href":"https:\/\/www.hecchemicals.com\/tr\/index.php?rest_route=\/wp\/v2\/media\/41"}],"wp:attachment":[{"href":"https:\/\/www.hecchemicals.com\/tr\/index.php?rest_route=%2Fwp%2Fv2%2Fmedia&parent=39"}],"curies":[{"name":"wp","href":"https:\/\/api.w.org\/{rel}","templated":true}]}}