{"id":42,"date":"2025-04-06T18:18:37","date_gmt":"2025-04-06T18:18:37","guid":{"rendered":"https:\/\/www.hecchemicals.com\/?page_id=42"},"modified":"2025-04-06T20:54:15","modified_gmt":"2025-04-06T20:54:15","slug":"temel-degerlerimiz","status":"publish","type":"page","link":"https:\/\/www.hecchemicals.com\/tr\/?page_id=42","title":{"rendered":"Temel De\u011ferler"},"content":{"rendered":"<div class=\"col-sm-6 col-sm-height col-middle\"> <img decoding=\"async\" style=\"max-width: 100%;\" src=\"https:\/\/www.hecchemicals.com\/wp-content\/uploads\/2025\/04\/core-scaled.jpg\" alt=\"\" \/> <\/div>\n<div class=\"col-sm-6 col-sm-height col-middle\">\n<div class=\"padcnt\">\n<p>Yapt\u0131\u011f\u0131m\u0131z g\u00fcnl\u00fck i\u015flerde, tarz\u0131m\u0131z\u0131 ve kimli\u011fimizi tan\u0131mlayan de\u011ferler bize rehberlik ediyor:<\/p>\n<ul>\n<li><strong>Titizlik<\/strong><br \/>\n  Bir \u015feyi yapman\u0131n onu iyi yapmak anlam\u0131na geldi\u011finin bilincindeyiz<\/li>\n<li><strong>Do\u011fruluk<\/strong><br \/>\n D\u00fcr\u00fcstl\u00fc\u011fe, iyi niyetle hareket etmeye ve y\u00fcksek etik standartlara de\u011fer veririz<\/li>\n<li><strong>Tutku<\/strong><br \/>\n  Kendinden memnun olman\u0131n, kendine ba\u011fl\u0131 olmak anlam\u0131na geldi\u011fine inan\u0131yoruz<\/li>\n<li><strong>Tak\u0131m \u00c7al\u0131\u015fmas\u0131<\/strong><br \/>\n  Sadece ekip olarak \u00e7al\u0131\u015fan kurulu\u015flar\u0131n ba\u015far\u0131lar\u0131n\u0131 y\u00fckseltti\u011fini biliyoruz<\/li>\n<li><strong>\u0130novasyon<\/strong><br \/>\n  Yeniliklerin d\u00fcnyay\u0131 d\u00f6nd\u00fcrd\u00fc\u011f\u00fcn\u00fc hissediyoruz.<\/li>\n<li><strong>G\u00fcvenlik<\/strong><br \/>\n \u0130\u015f yerinde \u00e7al\u0131\u015fanlar\u0131m\u0131z\u0131n g\u00fcvenli\u011finin \u00fczerinde hi\u00e7bir \u015fey olmad\u0131\u011f\u0131ndan eminiz<\/li>\n<li><strong>\u00c7evre<\/strong><br \/>\n  Kendimizi d\u00fcnya do\u011fas\u0131n\u0131n ayr\u0131lmaz ve dost bir par\u00e7as\u0131 olarak hissediyor ve onun gelecek nesiller i\u00e7in hayatta kalmas\u0131n\u0131 istiyoruz<\/li>\n<\/ul>\n<\/div><\/div>\n","protected":false},"excerpt":{"rendered":"<p>Yapt\u0131\u011f\u0131m\u0131z g\u00fcnl\u00fck i\u015flerde, tarz\u0131m\u0131z\u0131 ve kimli\u011fimizi tan\u0131mlayan de\u011ferler bize rehberlik ediyor: Titizlik Bir \u015feyi yapman\u0131n onu iyi yapmak anlam\u0131na geldi\u011finin bilincindeyiz Do\u011fruluk D\u00fcr\u00fcstl\u00fc\u011fe, iyi niyetle hareket etmeye ve y\u00fcksek etik standartlara de\u011fer veririz Tutku Kendinden memnun olman\u0131n, kendine ba\u011fl\u0131 olmak anlam\u0131na geldi\u011fine inan\u0131yoruz Tak\u0131m \u00c7al\u0131\u015fmas\u0131 Sadece ekip olarak \u00e7al\u0131\u015fan kurulu\u015flar\u0131n ba\u015far\u0131lar\u0131n\u0131 y\u00fckseltti\u011fini biliyoruz \u0130novasyon Yeniliklerin [&hellip;]<\/p>\n","protected":false},"author":1,"featured_media":0,"parent":0,"menu_order":0,"comment_status":"closed","ping_status":"closed","template":"","meta":{"_acf_changed":false,"footnotes":""},"class_list":["post-42","page","type-page","status-publish","hentry"],"acf":[],"_links":{"self":[{"href":"https:\/\/www.hecchemicals.com\/tr\/index.php?rest_route=\/wp\/v2\/pages\/42","targetHints":{"allow":["GET"]}}],"collection":[{"href":"https:\/\/www.hecchemicals.com\/tr\/index.php?rest_route=\/wp\/v2\/pages"}],"about":[{"href":"https:\/\/www.hecchemicals.com\/tr\/index.php?rest_route=\/wp\/v2\/types\/page"}],"author":[{"embeddable":true,"href":"https:\/\/www.hecchemicals.com\/tr\/index.php?rest_route=\/wp\/v2\/users\/1"}],"replies":[{"embeddable":true,"href":"https:\/\/www.hecchemicals.com\/tr\/index.php?rest_route=%2Fwp%2Fv2%2Fcomments&post=42"}],"version-history":[{"count":8,"href":"https:\/\/www.hecchemicals.com\/tr\/index.php?rest_route=\/wp\/v2\/pages\/42\/revisions"}],"predecessor-version":[{"id":119,"href":"https:\/\/www.hecchemicals.com\/tr\/index.php?rest_route=\/wp\/v2\/pages\/42\/revisions\/119"}],"wp:attachment":[{"href":"https:\/\/www.hecchemicals.com\/tr\/index.php?rest_route=%2Fwp%2Fv2%2Fmedia&parent=42"}],"curies":[{"name":"wp","href":"https:\/\/api.w.org\/{rel}","templated":true}]}}