{"id":52,"date":"2025-04-06T18:30:10","date_gmt":"2025-04-06T18:30:10","guid":{"rendered":"https:\/\/www.hecchemicals.com\/?page_id=52"},"modified":"2025-04-06T20:47:52","modified_gmt":"2025-04-06T20:47:52","slug":"business-model","status":"publish","type":"page","link":"https:\/\/www.hecchemicals.com\/tr\/?page_id=52","title":{"rendered":"\u0130\u015f Modeli"},"content":{"rendered":"<div class=\"col-sm-6 col-sm-height col-middle\">\n\t\t\t\t<img decoding=\"async\" style=\"max-width: 100%\" src=\"https:\/\/www.hecchemicals.com\/wp-content\/uploads\/2025\/04\/business-copy.webp\" alt=\"\">\n\t\t\t<\/div>\n<div class=\"col-sm-6 col-sm-height col-middle\">\n\t\t\t\t<\/br><br \/>\n\t\t\t\tHEC Chemicals, bir\u00e7ok end\u00fcstriyel uygulama i\u00e7in \u00f6zel bile\u015fenler \u00fcreten end\u00fcstriyel bir \u00fcreticidir. M\u00fc\u015fterilerimiz aras\u0131nda k\u00fcresel oyuncular\u0131n yan\u0131 s\u0131ra yerel olarak mevcut orta ve k\u00fc\u00e7\u00fck \u00f6l\u00e7ekli piyasa oyuncular\u0131 da bulunmaktad\u0131r. \u0130\u015f modelimiz, tutku ve ba\u015far\u0131 ile hizmet vermek \u00fczere tam olarak tan\u0131mlanm\u0131\u015ft\u0131r. <\/p>\n<\/p><\/div>\n","protected":false},"excerpt":{"rendered":"<p>HEC Chemicals, bir\u00e7ok end\u00fcstriyel uygulama i\u00e7in \u00f6zel bile\u015fenler \u00fcreten end\u00fcstriyel bir \u00fcreticidir. M\u00fc\u015fterilerimiz aras\u0131nda k\u00fcresel oyuncular\u0131n yan\u0131 s\u0131ra yerel olarak mevcut orta ve k\u00fc\u00e7\u00fck \u00f6l\u00e7ekli piyasa oyuncular\u0131 da bulunmaktad\u0131r. \u0130\u015f modelimiz, tutku ve ba\u015far\u0131 ile hizmet vermek \u00fczere tam olarak tan\u0131mlanm\u0131\u015ft\u0131r.<\/p>\n","protected":false},"author":1,"featured_media":0,"parent":0,"menu_order":0,"comment_status":"closed","ping_status":"closed","template":"","meta":{"_acf_changed":false,"footnotes":""},"class_list":["post-52","page","type-page","status-publish","hentry"],"acf":[],"_links":{"self":[{"href":"https:\/\/www.hecchemicals.com\/tr\/index.php?rest_route=\/wp\/v2\/pages\/52","targetHints":{"allow":["GET"]}}],"collection":[{"href":"https:\/\/www.hecchemicals.com\/tr\/index.php?rest_route=\/wp\/v2\/pages"}],"about":[{"href":"https:\/\/www.hecchemicals.com\/tr\/index.php?rest_route=\/wp\/v2\/types\/page"}],"author":[{"embeddable":true,"href":"https:\/\/www.hecchemicals.com\/tr\/index.php?rest_route=\/wp\/v2\/users\/1"}],"replies":[{"embeddable":true,"href":"https:\/\/www.hecchemicals.com\/tr\/index.php?rest_route=%2Fwp%2Fv2%2Fcomments&post=52"}],"version-history":[{"count":3,"href":"https:\/\/www.hecchemicals.com\/tr\/index.php?rest_route=\/wp\/v2\/pages\/52\/revisions"}],"predecessor-version":[{"id":114,"href":"https:\/\/www.hecchemicals.com\/tr\/index.php?rest_route=\/wp\/v2\/pages\/52\/revisions\/114"}],"wp:attachment":[{"href":"https:\/\/www.hecchemicals.com\/tr\/index.php?rest_route=%2Fwp%2Fv2%2Fmedia&parent=52"}],"curies":[{"name":"wp","href":"https:\/\/api.w.org\/{rel}","templated":true}]}}