{"id":56,"date":"2025-04-06T18:32:32","date_gmt":"2025-04-06T18:32:32","guid":{"rendered":"https:\/\/www.hecchemicals.com\/?page_id=56"},"modified":"2025-04-06T20:48:43","modified_gmt":"2025-04-06T20:48:43","slug":"rd","status":"publish","type":"page","link":"https:\/\/www.hecchemicals.com\/tr\/?page_id=56","title":{"rendered":"AR-GE"},"content":{"rendered":"\n<div class=\"col-sm-6 col-sm-height col-middle\">\n\t\t\t<\/br><br \/>\n\t\t\tHEC Chemicals&#8217;\u0131n Ara\u015ft\u0131rma ve Geli\u015ftirme (AR-GE) faaliyetleri s\u00fcrekli iyile\u015ftirme ve s\u00fcrd\u00fcr\u00fclebilirli\u011fe y\u00f6neliktir. HEC Chemicals&#8217;\u0131n Ar-Ge ekibi, pazara sunulan \u00fcr\u00fcn portf\u00f6y\u00fcn\u00fc geni\u015fletmenin yan\u0131 s\u0131ra inovasyon, enerji t\u00fcketimi ve \u00e7evresel etkiyi en aza indirmeyi hedefleyerek daha y\u00fcksek operasyonel verimlilik seviyelerine ula\u015fmaktad\u0131r.<\/p>\n<\/p><\/div>\n<div class=\"col-sm-6 col-sm-height col-middle\">\n\t\t\t\t<img decoding=\"async\" style=\"max-width: 100%\" src=\"https:\/\/www.hecchemicals.com\/wp-content\/uploads\/2025\/04\/rd.webp\" alt=\"\">\n\t\t\t<\/div>\n","protected":false},"excerpt":{"rendered":"<p>HEC Chemicals&#8217;\u0131n Ara\u015ft\u0131rma ve Geli\u015ftirme (AR-GE) faaliyetleri s\u00fcrekli iyile\u015ftirme ve s\u00fcrd\u00fcr\u00fclebilirli\u011fe y\u00f6neliktir. HEC Chemicals&#8217;\u0131n Ar-Ge ekibi, pazara sunulan \u00fcr\u00fcn portf\u00f6y\u00fcn\u00fc geni\u015fletmenin yan\u0131 s\u0131ra inovasyon, enerji t\u00fcketimi ve \u00e7evresel etkiyi en aza indirmeyi hedefleyerek daha y\u00fcksek operasyonel verimlilik seviyelerine ula\u015fmaktad\u0131r.<\/p>\n","protected":false},"author":1,"featured_media":0,"parent":0,"menu_order":0,"comment_status":"closed","ping_status":"closed","template":"","meta":{"_acf_changed":false,"footnotes":""},"class_list":["post-56","page","type-page","status-publish","hentry"],"acf":[],"_links":{"self":[{"href":"https:\/\/www.hecchemicals.com\/tr\/index.php?rest_route=\/wp\/v2\/pages\/56","targetHints":{"allow":["GET"]}}],"collection":[{"href":"https:\/\/www.hecchemicals.com\/tr\/index.php?rest_route=\/wp\/v2\/pages"}],"about":[{"href":"https:\/\/www.hecchemicals.com\/tr\/index.php?rest_route=\/wp\/v2\/types\/page"}],"author":[{"embeddable":true,"href":"https:\/\/www.hecchemicals.com\/tr\/index.php?rest_route=\/wp\/v2\/users\/1"}],"replies":[{"embeddable":true,"href":"https:\/\/www.hecchemicals.com\/tr\/index.php?rest_route=%2Fwp%2Fv2%2Fcomments&post=56"}],"version-history":[{"count":4,"href":"https:\/\/www.hecchemicals.com\/tr\/index.php?rest_route=\/wp\/v2\/pages\/56\/revisions"}],"predecessor-version":[{"id":115,"href":"https:\/\/www.hecchemicals.com\/tr\/index.php?rest_route=\/wp\/v2\/pages\/56\/revisions\/115"}],"wp:attachment":[{"href":"https:\/\/www.hecchemicals.com\/tr\/index.php?rest_route=%2Fwp%2Fv2%2Fmedia&parent=56"}],"curies":[{"name":"wp","href":"https:\/\/api.w.org\/{rel}","templated":true}]}}