{"id":61,"date":"2025-04-06T18:37:22","date_gmt":"2025-04-06T18:37:22","guid":{"rendered":"https:\/\/www.hecchemicals.com\/?page_id=61"},"modified":"2025-04-06T21:02:40","modified_gmt":"2025-04-06T21:02:40","slug":"microcapsulation-specialities","status":"publish","type":"page","link":"https:\/\/www.hecchemicals.com\/tr\/?page_id=61","title":{"rendered":"Mikrokaps\u00fcl Teknolojileri"},"content":{"rendered":"<div class=\"col-sm-6 col-sm-height col-middle\">\n    <strong>\u0130n\u015faat<\/strong> \u00c7imento ve beton form\u00fclasyonlar\u0131na mikrokaps\u00fcllerin eklenmesi yap\u0131 ta\u015flar\u0131n\u0131n termal verimlili\u011fini art\u0131r\u0131r<\/p>\n<p>    <strong>Poli\u00fcretan Sistemler<\/strong> Mikrokaps\u00fcllerin esnek ve sert poli\u00fcretan sistemlere entegrasyonu izolasyon kapasitesini geli\u015ftirir<\/p>\n<p>    <strong>Kaplamalar<\/strong> Mikrokaps\u00fcller, enerji tasarrufu ve CO2 emisyonunun azalt\u0131lmas\u0131n\u0131 ilerletmek i\u00e7in poli\u00fcretan dispersiyon, akrilik ve re\u00e7ine bazl\u0131 kaplama form\u00fclasyonlar\u0131na eklenebilir<\/p>\n<p>    <strong>Tekstil<\/strong> Mikroenkaps\u00fclasyon, kokular, boyalar, b\u00f6cek kovucular, antimikrobiyaller ve faz de\u011fi\u015fim materyalleri gibi ek bile\u015fikler sunarak tekstil \u00fcr\u00fcnlerinin iyile\u015ftirilmesi i\u00e7in b\u00fcy\u00fck f\u0131rsatlar sunmaktad\u0131r\n<\/div>\n<div class=\"col-sm-6 col-sm-height col-middle\">\n    <img decoding=\"async\" style=\"max-width: 100%;\" src=\"https:\/\/www.hecchemicals.com\/wp-content\/uploads\/2025\/04\/micro-copy.webp\" alt=\"\" \/>\n<\/div>\n<div class=\"row spaziosopra\" style=\"margin-top: 5%;\">\n<div class=\"col-xs-12 col-sm-10 col-sm-offset-1 text-center introtxt\">\n<h1>Dan\u0131\u015fmanl\u0131k<\/h1>\n<\/p><\/div>\n<div class=\"col-sm-6 col-sm-height col-middle\">\n        <img decoding=\"async\" style=\"max-width: 100%;\" src=\"https:\/\/www.hecchemicals.com\/wp-content\/uploads\/2025\/04\/consulting-copy.webp\" alt=\"\" \/>\n    <\/div>\n<div class=\"col-sm-6 col-sm-height col-middle\">\n        HEC Chemicals, end\u00fcstriyel ortaklar i\u00e7in Ar-Ge yeteneklerinin deneyimini sa\u011flar. End\u00fcstriyel ortaklar aras\u0131ndaki deneyim ve geni\u015f a\u011f sayesinde HEC Chemicals, yerel ve uluslararas\u0131 Ar-Ge faaliyetleri i\u00e7in proje y\u00f6netimi sunmaktad\u0131r.\n    <\/div>\n<\/div>\n<div class=\"row spaziosopra\" style=\"margin-top: 5%;\">\n<div class=\"col-xs-12 col-sm-10 col-sm-offset-1 text-center introtxt\">\n<h1>Ar-Ge Hizmetleri<\/h1>\n<\/p><\/div>\n<div class=\"col-sm-6 col-sm-height col-middle\">\n        G\u00fcn\u00fcm\u00fczde inovasyon, start-up ve giri\u015fimcilik d\u00fcnyas\u0131nda fazlas\u0131yla istismar edilen bir kelime haline gelmi\u015ftir. HEC Chemicals i\u00e7in inovasyonun ger\u00e7ek anlam\u0131, end\u00fcstrinin, pazarlar\u0131n veya toplumlar\u0131n mevcut zorluklar\u0131n\u0131 veya ihtiya\u00e7lar\u0131n\u0131 tespit edip kabul etti\u011finizde ve bo\u015flu\u011fu doldurmak i\u00e7in \u00fcr\u00fcn veya hizmet bi\u00e7iminde m\u00fcmk\u00fcn olan en iyi \u00e7\u00f6z\u00fcm\u00fc \u00fcretmek i\u00e7in ara\u015ft\u0131rma ve geli\u015ftirmeye odakland\u0131\u011f\u0131n\u0131zda ortaya \u00e7\u0131kar. En iyi \u00e7\u00f6z\u00fcmleri en iyi verimlilikle sunmak i\u00e7in \u00f6zellikle trendleri ve pazar\u0131n temel gereksinimlerini takip ediyoruz.\n    <\/div>\n<div class=\"col-sm-6 col-sm-height col-middle\">\n        <img decoding=\"async\" style=\"max-width: 100%;\" src=\"https:\/\/www.hecchemicals.com\/wp-content\/uploads\/2025\/04\/rdService-copy.webp\" alt=\"\" \/>\n    <\/div>\n<\/div>\n","protected":false},"excerpt":{"rendered":"<p>\u0130n\u015faat \u00c7imento ve beton form\u00fclasyonlar\u0131na mikrokaps\u00fcllerin eklenmesi yap\u0131 ta\u015flar\u0131n\u0131n termal verimlili\u011fini art\u0131r\u0131r Poli\u00fcretan Sistemler Mikrokaps\u00fcllerin esnek ve sert poli\u00fcretan sistemlere entegrasyonu izolasyon kapasitesini geli\u015ftirir Kaplamalar Mikrokaps\u00fcller, enerji tasarrufu ve CO2 emisyonunun azalt\u0131lmas\u0131n\u0131 ilerletmek i\u00e7in poli\u00fcretan dispersiyon, akrilik ve re\u00e7ine bazl\u0131 kaplama form\u00fclasyonlar\u0131na eklenebilir Tekstil Mikroenkaps\u00fclasyon, kokular, boyalar, b\u00f6cek kovucular, antimikrobiyaller ve faz de\u011fi\u015fim materyalleri gibi [&hellip;]<\/p>\n","protected":false},"author":1,"featured_media":0,"parent":0,"menu_order":0,"comment_status":"closed","ping_status":"closed","template":"","meta":{"_acf_changed":false,"footnotes":""},"class_list":["post-61","page","type-page","status-publish","hentry"],"acf":[],"_links":{"self":[{"href":"https:\/\/www.hecchemicals.com\/tr\/index.php?rest_route=\/wp\/v2\/pages\/61","targetHints":{"allow":["GET"]}}],"collection":[{"href":"https:\/\/www.hecchemicals.com\/tr\/index.php?rest_route=\/wp\/v2\/pages"}],"about":[{"href":"https:\/\/www.hecchemicals.com\/tr\/index.php?rest_route=\/wp\/v2\/types\/page"}],"author":[{"embeddable":true,"href":"https:\/\/www.hecchemicals.com\/tr\/index.php?rest_route=\/wp\/v2\/users\/1"}],"replies":[{"embeddable":true,"href":"https:\/\/www.hecchemicals.com\/tr\/index.php?rest_route=%2Fwp%2Fv2%2Fcomments&post=61"}],"version-history":[{"count":14,"href":"https:\/\/www.hecchemicals.com\/tr\/index.php?rest_route=\/wp\/v2\/pages\/61\/revisions"}],"predecessor-version":[{"id":125,"href":"https:\/\/www.hecchemicals.com\/tr\/index.php?rest_route=\/wp\/v2\/pages\/61\/revisions\/125"}],"wp:attachment":[{"href":"https:\/\/www.hecchemicals.com\/tr\/index.php?rest_route=%2Fwp%2Fv2%2Fmedia&parent=61"}],"curies":[{"name":"wp","href":"https:\/\/api.w.org\/{rel}","templated":true}]}}